{"id":640,"date":"2019-05-07T13:01:47","date_gmt":"2019-05-07T11:01:47","guid":{"rendered":"http:\/\/blog.ghbss.de\/?page_id=640"},"modified":"2020-05-16T03:29:04","modified_gmt":"2020-05-16T01:29:04","slug":"enterprise-architect-14","status":"publish","type":"page","link":"https:\/\/blog.ghbss.de\/?page_id=640","title":{"rendered":"Enterprise Architect 14\u00a0"},"content":{"rendered":"\n<p>Sparx \u00fcberrascht seine Benutzer immer aufs neue, und zwar bei jeder Version.<br>Die aktuelle Version von EA (Version 14) hat wieder einige \u00c4nderungen, die bei Umstieg beachtet werden m\u00fcssen.<\/p>\n\n\n\n<p>Ich fange hier erst mal mit den Schritten die ich als erstes nach der Installation durch gehe.<\/p>\n\n\n\n<!--more-->\n\n\n\n<h2 class=\"wp-block-heading\">Liste der aktiven MDGs<\/h2>\n\n\n\n<p class=\"has-background has-cyan-bluish-gray-background-color\">Zugriff : Specialize-&gt;Technologies -&gt; Manage<\/p>\n\n\n\n<p>Ich benutze normalerweise innerhalb eines EA-Repository (EA-Projekte) nur handvoll Technologien. In dem ich den restlichen Technologien deaktiviere, beschleunige ich Startzeit von EA und gleichzeitig die ganze Umgebung-Anpassungen durch diese MDGs werden deaktiviert. So kann ich mich auf das wesentliche(aktuelle Aufgabe) Konzentrieren. Im Laufe des Projektfortschritts, falls andere MDGs ben\u00f6tigt werden, kann ich sie jederzeit wieder aktivieren.<\/p>\n\n\n\n<h3 class=\"wp-block-heading\">EA Security<\/h3>\n\n\n\n<p class=\"has-text-align-left\"><em><strong>Erst ab Corporate-Edition verf\u00fcgbar.<\/strong><\/em> Mit EA security kann man bestimmte Elemente(Package bis zu Diagramm\/Element) sperren . <\/p>\n\n\n\n<p class=\"has-text-align-left\">So k\u00f6nnen alle Teammitglieder auf den selben Repository zugreifen und gemeinsam die \u00c4nderungen vor nehmen, ohne ein merge zu ben\u00f6tigen.<\/p>\n","protected":false},"excerpt":{"rendered":"<p>Sparx \u00fcberrascht seine Benutzer immer aufs neue, und zwar bei jeder Version.Die aktuelle Version von EA (Version 14) hat wieder einige \u00c4nderungen, die bei Umstieg beachtet werden m\u00fcssen. Ich fange hier erst mal mit den Schritten die ich als erstes nach der Installation durch gehe.<\/p>\n","protected":false},"author":2,"featured_media":646,"parent":0,"menu_order":0,"comment_status":"closed","ping_status":"closed","template":"","meta":{"footnotes":""},"class_list":["post-640","page","type-page","status-publish","has-post-thumbnail","hentry"],"_links":{"self":[{"href":"https:\/\/blog.ghbss.de\/index.php?rest_route=\/wp\/v2\/pages\/640","targetHints":{"allow":["GET"]}}],"collection":[{"href":"https:\/\/blog.ghbss.de\/index.php?rest_route=\/wp\/v2\/pages"}],"about":[{"href":"https:\/\/blog.ghbss.de\/index.php?rest_route=\/wp\/v2\/types\/page"}],"author":[{"embeddable":true,"href":"https:\/\/blog.ghbss.de\/index.php?rest_route=\/wp\/v2\/users\/2"}],"replies":[{"embeddable":true,"href":"https:\/\/blog.ghbss.de\/index.php?rest_route=%2Fwp%2Fv2%2Fcomments&post=640"}],"version-history":[{"count":7,"href":"https:\/\/blog.ghbss.de\/index.php?rest_route=\/wp\/v2\/pages\/640\/revisions"}],"predecessor-version":[{"id":670,"href":"https:\/\/blog.ghbss.de\/index.php?rest_route=\/wp\/v2\/pages\/640\/revisions\/670"}],"wp:featuredmedia":[{"embeddable":true,"href":"https:\/\/blog.ghbss.de\/index.php?rest_route=\/wp\/v2\/media\/646"}],"wp:attachment":[{"href":"https:\/\/blog.ghbss.de\/index.php?rest_route=%2Fwp%2Fv2%2Fmedia&parent=640"}],"curies":[{"name":"wp","href":"https:\/\/api.w.org\/{rel}","templated":true}]}}