{"id":6,"date":"2012-06-07T14:08:00","date_gmt":"2012-06-07T12:08:00","guid":{"rendered":"http:\/\/blog.ghbss.homedns.org\/?page_id=4"},"modified":"2012-06-07T14:08:00","modified_gmt":"2012-06-07T12:08:00","slug":"xdebug","status":"publish","type":"page","link":"https:\/\/blog.ghbss.de\/?page_id=6","title":{"rendered":"XDebug"},"content":{"rendered":"<p>Ich habe neulich angefangen meine Web-Applikationen mit Zuhilfenahme von Zend-Framework umzusetzen.<br \/>Ich m\u00f6chte hier meine Erfahrungen mit diesem Framework mit euch teilen.<\/p>\n<p>Als erster anlauf stelle , habe ich die Einf\u00fchrungsbeispiel von Zend-Framework durch gearbeitet. Ich finde es ein sehr guter Einstiegspunkt, da man innerhalb kurzester Zeit einen Gef\u00fchl daf\u00fcr bekommt, ob dieses Framework, der richtige f\u00fcr ihn ist.<\/p>\n<p>Um auf Zend-Framework basierte Applikationen debugen zu k\u00f6nnen, benutze ich &#8222;<a href=\"http:\/\/xdebug.org\/\" target=\"_blank\">xdebug<\/a>&#8222;. Xdebug muss erst innerhalb der lokale &#8222;php&#8220;-Umgebung konfiguriert werden. Hier ein Beispiel:<br \/><code><br \/>[xdebug]<br \/>zend<em>_extension=\/usr\/lib\/php5\/20090626\/xdebug.so<br \/>xdebug.cli_color=1<br \/>xdebug.var_display_max_children=128<br \/>xdebug.var_display_max_data=512<br \/>xdebug.var_display_max_depth=5<br \/>xdebug.remote_<\/em>enable=on<br \/>xdebug.remote_<em>handler=dbgp<br \/>xdebug.remote_<\/em>mode=req<br \/>xdebug.remote_<em>host=127.0.0.1<br \/>xdebug.remote_<\/em>port=9000<br \/>xdebug.show_<em>local_<\/em>vars=on<br \/>xdebug.dump.SERVER=HTTP<em>HOST, SERVER<\/em>NAME<br \/>xdebug.dump_<em>globals=On<br \/>xdebug.collect<\/em>_params=4<br \/>xdebug.dump.GET=*<br \/>xdebug.show_<em>exception_<\/em>trace=1<br \/>xdebug.max_<em>nesting_<\/em>level=100<br \/>xdebug.auto_<em>trace=on<br \/>xdebug.show_<\/em>mem_<em>delta=on<br \/>xdebug.trace_<\/em>format=2<\/code><\/p>\n","protected":false},"excerpt":{"rendered":"<p>Ich habe neulich angefangen meine Web-Applikationen mit Zuhilfenahme von Zend-Framework umzusetzen.Ich m\u00f6chte hier meine Erfahrungen mit diesem Framework mit euch teilen. Als erster anlauf stelle , habe ich die Einf\u00fchrungsbeispiel von Zend-Framework durch gearbeitet. Ich finde es ein sehr guter Einstiegspunkt, da man innerhalb kurzester Zeit einen Gef\u00fchl daf\u00fcr bekommt, ob dieses Framework, der richtige [&hellip;]<\/p>\n","protected":false},"author":2,"featured_media":0,"parent":30,"menu_order":0,"comment_status":"open","ping_status":"open","template":"","meta":{"footnotes":""},"class_list":["post-6","page","type-page","status-publish","hentry"],"_links":{"self":[{"href":"https:\/\/blog.ghbss.de\/index.php?rest_route=\/wp\/v2\/pages\/6","targetHints":{"allow":["GET"]}}],"collection":[{"href":"https:\/\/blog.ghbss.de\/index.php?rest_route=\/wp\/v2\/pages"}],"about":[{"href":"https:\/\/blog.ghbss.de\/index.php?rest_route=\/wp\/v2\/types\/page"}],"author":[{"embeddable":true,"href":"https:\/\/blog.ghbss.de\/index.php?rest_route=\/wp\/v2\/users\/2"}],"replies":[{"embeddable":true,"href":"https:\/\/blog.ghbss.de\/index.php?rest_route=%2Fwp%2Fv2%2Fcomments&post=6"}],"version-history":[{"count":0,"href":"https:\/\/blog.ghbss.de\/index.php?rest_route=\/wp\/v2\/pages\/6\/revisions"}],"up":[{"embeddable":true,"href":"https:\/\/blog.ghbss.de\/index.php?rest_route=\/wp\/v2\/pages\/30"}],"wp:attachment":[{"href":"https:\/\/blog.ghbss.de\/index.php?rest_route=%2Fwp%2Fv2%2Fmedia&parent=6"}],"curies":[{"name":"wp","href":"https:\/\/api.w.org\/{rel}","templated":true}]}}