{"id":52,"date":"2013-12-16T10:43:58","date_gmt":"2013-12-16T08:43:58","guid":{"rendered":"http:\/\/blog.ghbss.homedns.org\/?page_id=52"},"modified":"2013-12-16T10:43:58","modified_gmt":"2013-12-16T08:43:58","slug":"unit-testing","status":"publish","type":"page","link":"https:\/\/blog.ghbss.de\/?page_id=52","title":{"rendered":"Unit Testing"},"content":{"rendered":"<p>Ich bereite gerade eine Entwicklungsumgebung f\u00fcr eine Projekt , bei dem wir nach dem TDD(Test Driven Development) vor gehen m\u00f6chten.<\/p>\n<p>Hier haben wir externe Abh\u00e4ngigkeiten zu (leider) bin\u00e4re Bibliotheken(DLLs). Der Plan ist es , diese Bibliotheken zu mocken, um unsere interne Entwicklungen besser testen zu k\u00f6nnen.<\/p>\n<p>Ich habe mich entschieden hierf\u00fcr <a href=\"http:\/\/blog.ghbss.homedns.org\/?page_id=55\" target=\"_blank\">BOOST<\/a>.test einzusetzen. <\/p>\n","protected":false},"excerpt":{"rendered":"<p>Ich bereite gerade eine Entwicklungsumgebung f\u00fcr eine Projekt , bei dem wir nach dem TDD(Test Driven Development) vor gehen m\u00f6chten. Hier haben wir externe Abh\u00e4ngigkeiten zu (leider) bin\u00e4re Bibliotheken(DLLs). Der Plan ist es , diese Bibliotheken zu mocken, um unsere interne Entwicklungen besser testen zu k\u00f6nnen. Ich habe mich entschieden hierf\u00fcr BOOST.test einzusetzen.<\/p>\n","protected":false},"author":2,"featured_media":0,"parent":50,"menu_order":1,"comment_status":"open","ping_status":"open","template":"","meta":{"footnotes":""},"class_list":["post-52","page","type-page","status-publish","hentry"],"_links":{"self":[{"href":"https:\/\/blog.ghbss.de\/index.php?rest_route=\/wp\/v2\/pages\/52","targetHints":{"allow":["GET"]}}],"collection":[{"href":"https:\/\/blog.ghbss.de\/index.php?rest_route=\/wp\/v2\/pages"}],"about":[{"href":"https:\/\/blog.ghbss.de\/index.php?rest_route=\/wp\/v2\/types\/page"}],"author":[{"embeddable":true,"href":"https:\/\/blog.ghbss.de\/index.php?rest_route=\/wp\/v2\/users\/2"}],"replies":[{"embeddable":true,"href":"https:\/\/blog.ghbss.de\/index.php?rest_route=%2Fwp%2Fv2%2Fcomments&post=52"}],"version-history":[{"count":0,"href":"https:\/\/blog.ghbss.de\/index.php?rest_route=\/wp\/v2\/pages\/52\/revisions"}],"up":[{"embeddable":true,"href":"https:\/\/blog.ghbss.de\/index.php?rest_route=\/wp\/v2\/pages\/50"}],"wp:attachment":[{"href":"https:\/\/blog.ghbss.de\/index.php?rest_route=%2Fwp%2Fv2%2Fmedia&parent=52"}],"curies":[{"name":"wp","href":"https:\/\/api.w.org\/{rel}","templated":true}]}}