{"id":275,"date":"2016-02-17T00:31:26","date_gmt":"2016-02-16T22:31:26","guid":{"rendered":"http:\/\/localhost\/wordpress\/?page_id=275"},"modified":"2016-08-26T13:11:38","modified_gmt":"2016-08-26T11:11:38","slug":"visual-studio-2015","status":"publish","type":"page","link":"https:\/\/blog.ghbss.de\/?page_id=275","title":{"rendered":"Visual Studio 2015"},"content":{"rendered":"<p>Als erster hier eine Liste von den Erweiterungen die ich f\u00fcr N\u00fctzlich finde:<\/p>\n<p>Ich habe gerade heute einen neuen Erweiterung ausprobiert welches ich ganz n\u00fctzlich finde: &#8222;<a href=\"https:\/\/visualstudiogallery.msdn.microsoft.com\/a6a60f27-cf56-48c8-8ee0-b631716dd11c\" target=\"_blank\">Export Extensions 2015.1<\/a>&#8220;<\/p>\n<ul>\n<li>Web Extension Pack<br \/>\nDas ist eine Sammlung von paar Erweiterungen die sich gegenseitig erg\u00e4nzen und eine gute Umgebung f\u00fcr Web-Entwicklung bereit stellen.<\/li>\n<\/ul>\n","protected":false},"excerpt":{"rendered":"<p>Als erster hier eine Liste von den Erweiterungen die ich f\u00fcr N\u00fctzlich finde: Ich habe gerade heute einen neuen Erweiterung ausprobiert welches ich ganz n\u00fctzlich finde: &#8222;Export Extensions 2015.1&#8220; Web Extension Pack Das ist eine Sammlung von paar Erweiterungen die sich gegenseitig erg\u00e4nzen und eine gute Umgebung f\u00fcr Web-Entwicklung bereit stellen.<\/p>\n","protected":false},"author":2,"featured_media":0,"parent":264,"menu_order":1,"comment_status":"closed","ping_status":"closed","template":"","meta":{"footnotes":""},"class_list":["post-275","page","type-page","status-publish","hentry"],"_links":{"self":[{"href":"https:\/\/blog.ghbss.de\/index.php?rest_route=\/wp\/v2\/pages\/275","targetHints":{"allow":["GET"]}}],"collection":[{"href":"https:\/\/blog.ghbss.de\/index.php?rest_route=\/wp\/v2\/pages"}],"about":[{"href":"https:\/\/blog.ghbss.de\/index.php?rest_route=\/wp\/v2\/types\/page"}],"author":[{"embeddable":true,"href":"https:\/\/blog.ghbss.de\/index.php?rest_route=\/wp\/v2\/users\/2"}],"replies":[{"embeddable":true,"href":"https:\/\/blog.ghbss.de\/index.php?rest_route=%2Fwp%2Fv2%2Fcomments&post=275"}],"version-history":[{"count":4,"href":"https:\/\/blog.ghbss.de\/index.php?rest_route=\/wp\/v2\/pages\/275\/revisions"}],"predecessor-version":[{"id":445,"href":"https:\/\/blog.ghbss.de\/index.php?rest_route=\/wp\/v2\/pages\/275\/revisions\/445"}],"up":[{"embeddable":true,"href":"https:\/\/blog.ghbss.de\/index.php?rest_route=\/wp\/v2\/pages\/264"}],"wp:attachment":[{"href":"https:\/\/blog.ghbss.de\/index.php?rest_route=%2Fwp%2Fv2%2Fmedia&parent=275"}],"curies":[{"name":"wp","href":"https:\/\/api.w.org\/{rel}","templated":true}]}}