{"id":24,"date":"2013-08-11T11:40:17","date_gmt":"2013-08-11T09:40:17","guid":{"rendered":"http:\/\/blog.ghbss.homedns.org\/?page_id=24"},"modified":"2019-05-07T10:29:33","modified_gmt":"2019-05-07T08:29:33","slug":"home","status":"publish","type":"page","link":"https:\/\/blog.ghbss.de\/","title":{"rendered":"Home"},"content":{"rendered":"<p>Hallo und herzlich willkommen,<\/p>\n<p>du bist gerade auf die\u00a0<em><strong>BLOG<\/strong>&#8211;<\/em>Site von <a href=\"http:\/\/www.ghbss.de\" target=\"_blank\" rel=\"noopener noreferrer\"><strong>GHBSS<\/strong><\/a>. Wir hoffen dir mit unsere Informationen weiter helfen zu k\u00f6nnen.<\/p>\n<p>Hier findest du unsere Erfahrungen und Empfehlungen f\u00fcr Verschiedene Tools und Vorgehensweisen die wir f\u00fcr Sinnvoll befinden und die wir in unsere Projekten erfolgreich eingesetzt haben.<\/p>\n<p>Wir werde versuchen unsere Beschreibungen m\u00f6glichst nach dem Moto &#8222;<em>Step-By-Step&#8220;<\/em> vorstellen, damit du unsere Vorschl\u00e4ge bestens nachvollziehen und diese gleich ausprobieren kannst.<\/p>\n<p><strong><em>Wir sind auch nicht von Fehlern ausgeschlossen.<\/em><\/strong><br \/>\nWenn du auf diese Site irgendwelche Fehlern entdeckst, wir freuen uns es zu erfahren, so k\u00f6nnen wir es schnellst m\u00f6glich beseitigen und es dadurch den anderen Besucher leichter machen k\u00f6nnen.<\/p>\n<p>Viel Spa\u00df dabei!!!<\/p>\n","protected":false},"excerpt":{"rendered":"<p>Hallo und herzlich willkommen, du bist gerade auf die\u00a0BLOG&#8211;Site von GHBSS. Wir hoffen dir mit unsere Informationen weiter helfen zu k\u00f6nnen. Hier findest du unsere Erfahrungen und Empfehlungen f\u00fcr Verschiedene Tools und Vorgehensweisen die wir f\u00fcr Sinnvoll befinden und die wir in unsere Projekten erfolgreich eingesetzt haben. Wir werde versuchen unsere Beschreibungen m\u00f6glichst nach dem [&hellip;]<\/p>\n","protected":false},"author":2,"featured_media":0,"parent":0,"menu_order":0,"comment_status":"closed","ping_status":"closed","template":"","meta":{"footnotes":""},"class_list":["post-24","page","type-page","status-publish","hentry"],"_links":{"self":[{"href":"https:\/\/blog.ghbss.de\/index.php?rest_route=\/wp\/v2\/pages\/24","targetHints":{"allow":["GET"]}}],"collection":[{"href":"https:\/\/blog.ghbss.de\/index.php?rest_route=\/wp\/v2\/pages"}],"about":[{"href":"https:\/\/blog.ghbss.de\/index.php?rest_route=\/wp\/v2\/types\/page"}],"author":[{"embeddable":true,"href":"https:\/\/blog.ghbss.de\/index.php?rest_route=\/wp\/v2\/users\/2"}],"replies":[{"embeddable":true,"href":"https:\/\/blog.ghbss.de\/index.php?rest_route=%2Fwp%2Fv2%2Fcomments&post=24"}],"version-history":[{"count":8,"href":"https:\/\/blog.ghbss.de\/index.php?rest_route=\/wp\/v2\/pages\/24\/revisions"}],"predecessor-version":[{"id":658,"href":"https:\/\/blog.ghbss.de\/index.php?rest_route=\/wp\/v2\/pages\/24\/revisions\/658"}],"wp:attachment":[{"href":"https:\/\/blog.ghbss.de\/index.php?rest_route=%2Fwp%2Fv2%2Fmedia&parent=24"}],"curies":[{"name":"wp","href":"https:\/\/api.w.org\/{rel}","templated":true}]}}