{"id":152,"date":"2015-01-29T15:06:21","date_gmt":"2015-01-29T13:06:21","guid":{"rendered":"http:\/\/blog.ghbss.homedns.org\/?page_id=152"},"modified":"2019-05-07T14:07:55","modified_gmt":"2019-05-07T12:07:55","slug":"erste-einstellungen","status":"publish","type":"page","link":"https:\/\/blog.ghbss.de\/?page_id=152","title":{"rendered":"Erste Einstellungen"},"content":{"rendered":"\n<p class=\"has-background has-cyan-bluish-gray-background-color\">Neue \u00fcberarbeitete Version ist da:<a href=\"http:\/\/blog.ghbss.de\/enterprise-architect-14\/\"> Enterprise Architect 14<\/a><\/p>\n\n\n\n<p>Nach der Installation und erste Start sollte man einige Projektunabh\u00e4ngige Einstellungen vornehmen.<\/p>\n\n\n\n<figure class=\"wp-block-image\"><a href=\"http:\/\/blog.ghbss.de\/wp-content\/uploads\/2015\/01\/ea-options-dialog.png\" rel=\"attachment wp-att-355\"><img loading=\"lazy\" decoding=\"async\" width=\"300\" height=\"252\" src=\"http:\/\/blog.ghbss.de\/wp-content\/uploads\/2015\/01\/ea-options-dialog-300x252.png\" alt=\"ea-options-dialog\" class=\"wp-image-355\" srcset=\"https:\/\/blog.ghbss.de\/wp-content\/uploads\/2015\/01\/ea-options-dialog-300x252.png 300w, https:\/\/blog.ghbss.de\/wp-content\/uploads\/2015\/01\/ea-options-dialog.png 693w\" sizes=\"auto, (max-width: 300px) 100vw, 300px\" \/><\/a><\/figure>\n\n\n\n<p>Hierf\u00fcr \u00f6ffnet man die &#8222;Options-Dialog\u201d(erreichbar durch Menu :&nbsp; tools-&gt;options )<br><\/p>\n\n\n\n<p>Hier kann man dann die erste Einstellungen vornehmen. Da sollte man dann gleich seinen Namen als \u201cAuthor\u201d hinterlegen.<\/p>\n\n\n\n<p>Mit \u201cProject Directory\u201d kann man einen Ordner hinterlegen wo man seine EA-Projekte speichern m\u00f6chte.<\/p>\n\n\n\n<figure class=\"wp-block-image\"><a href=\"http:\/\/blog.ghbss.de\/wp-content\/uploads\/2015\/01\/ea-disable-language.png\" rel=\"attachment wp-att-354\"><img loading=\"lazy\" decoding=\"async\" width=\"300\" height=\"252\" src=\"http:\/\/blog.ghbss.de\/wp-content\/uploads\/2015\/01\/ea-disable-language-300x252.png\" alt=\"ea-disable-language\" class=\"wp-image-354\" srcset=\"https:\/\/blog.ghbss.de\/wp-content\/uploads\/2015\/01\/ea-disable-language-300x252.png 300w, https:\/\/blog.ghbss.de\/wp-content\/uploads\/2015\/01\/ea-disable-language.png 693w\" sizes=\"auto, (max-width: 300px) 100vw, 300px\" \/><\/a><\/figure>\n\n\n\n<p>Man kann auch hier gleich die die Sprachen die man nicht braucht deaktivieren: z.B. hier unten habe ich die Sprache \u201cDelphi\u201d deaktiviert.<br><\/p>\n","protected":false},"excerpt":{"rendered":"<p>Neue \u00fcberarbeitete Version ist da: Enterprise Architect 14 Nach der Installation und erste Start sollte man einige Projektunabh\u00e4ngige Einstellungen vornehmen. Hierf\u00fcr \u00f6ffnet man die &#8222;Options-Dialog\u201d(erreichbar durch Menu :&nbsp; tools-&gt;options ) Hier kann man dann die erste Einstellungen vornehmen. Da sollte man dann gleich seinen Namen als \u201cAuthor\u201d hinterlegen. Mit \u201cProject Directory\u201d kann man einen Ordner [&hellip;]<\/p>\n","protected":false},"author":2,"featured_media":0,"parent":145,"menu_order":1,"comment_status":"closed","ping_status":"closed","template":"","meta":{"footnotes":""},"class_list":["post-152","page","type-page","status-publish","hentry"],"_links":{"self":[{"href":"https:\/\/blog.ghbss.de\/index.php?rest_route=\/wp\/v2\/pages\/152","targetHints":{"allow":["GET"]}}],"collection":[{"href":"https:\/\/blog.ghbss.de\/index.php?rest_route=\/wp\/v2\/pages"}],"about":[{"href":"https:\/\/blog.ghbss.de\/index.php?rest_route=\/wp\/v2\/types\/page"}],"author":[{"embeddable":true,"href":"https:\/\/blog.ghbss.de\/index.php?rest_route=\/wp\/v2\/users\/2"}],"replies":[{"embeddable":true,"href":"https:\/\/blog.ghbss.de\/index.php?rest_route=%2Fwp%2Fv2%2Fcomments&post=152"}],"version-history":[{"count":4,"href":"https:\/\/blog.ghbss.de\/index.php?rest_route=\/wp\/v2\/pages\/152\/revisions"}],"predecessor-version":[{"id":648,"href":"https:\/\/blog.ghbss.de\/index.php?rest_route=\/wp\/v2\/pages\/152\/revisions\/648"}],"up":[{"embeddable":true,"href":"https:\/\/blog.ghbss.de\/index.php?rest_route=\/wp\/v2\/pages\/145"}],"wp:attachment":[{"href":"https:\/\/blog.ghbss.de\/index.php?rest_route=%2Fwp%2Fv2%2Fmedia&parent=152"}],"curies":[{"name":"wp","href":"https:\/\/api.w.org\/{rel}","templated":true}]}}